{"id":55,"date":"2022-10-29T12:52:25","date_gmt":"2022-10-29T12:52:25","guid":{"rendered":"https:\/\/chiarabruelisauerfotografie.ch\/?page_id=55"},"modified":"2025-04-02T19:41:25","modified_gmt":"2025-04-02T19:41:25","slug":"fotografin","status":"publish","type":"page","link":"https:\/\/chiarabruelisauerfotografie.ch\/index.php\/fotografin\/","title":{"rendered":"Fotografin"},"content":{"rendered":"<p>[et_pb_section fb_built=&#8220;1&#8243; custom_padding_last_edited=&#8220;on|tablet&#8220; admin_label=&#8220;Hero&#8220; _builder_version=&#8220;4.19.0&#8243; use_background_color_gradient=&#8220;on&#8220; background_color_gradient_direction=&#8220;90deg&#8220; background_color_gradient_stops=&#8220;#F0EDEE 65%|#F9F6F5 65%&#8220; background_color_gradient_start=&#8220;#F0EDEE&#8220; background_color_gradient_start_position=&#8220;65%&#8220; background_color_gradient_end=&#8220;#F9F6F5&#8243; background_color_gradient_end_position=&#8220;0%&#8220; background_size=&#8220;initial&#8220; background_position=&#8220;top_left&#8220; background_repeat=&#8220;repeat&#8220; custom_margin=&#8220;|||&#8220; custom_padding=&#8220;3vw|0px|0px|0px|false|false&#8220; custom_padding_tablet=&#8220;0vw|||&#8220; custom_padding_phone=&#8220;&#8220; global_colors_info=&#8220;{}&#8220;][et_pb_row column_structure=&#8220;1_2,1_2&#8243; make_equal=&#8220;on&#8220; disabled_on=&#8220;off|off|off&#8220; _builder_version=&#8220;4.19.0&#8243; width=&#8220;100%&#8220; max_width=&#8220;100%&#8220; min_height=&#8220;304.4px&#8220; custom_margin=&#8220;2px|auto||auto||&#8220; custom_padding=&#8220;3px|0px|3px|0px|true|true&#8220; use_custom_width=&#8220;on&#8220; width_unit=&#8220;off&#8220; custom_width_percent=&#8220;100%&#8220; global_colors_info=&#8220;{}&#8220;][et_pb_column type=&#8220;1_2&#8243; _builder_version=&#8220;4.19.0&#8243; use_background_color_gradient=&#8220;on&#8220; background_color_gradient_direction=&#8220;30deg&#8220; background_color_gradient_stops=&#8220;rgba(222,213,216,0.1) 0%|rgba(222,213,216,0.7) 100%&#8220; background_color_gradient_overlays_image=&#8220;on&#8220; background_color_gradient_start=&#8220;rgba(222,213,216,0.1)&#8220; background_color_gradient_end=&#8220;rgba(222,213,216,0.7)&#8220; background_image=&#8220;https:\/\/chiarabruelisauerfotografie.ch\/wp-content\/uploads\/2023\/09\/6D8A3754-scaled.jpg&#8220; custom_padding=&#8220;95px||||false|false&#8220; global_colors_info=&#8220;{}&#8220; custom_padding__hover=&#8220;|||&#8220;][et_pb_divider show_divider=&#8220;off&#8220; _builder_version=&#8220;4.19.0&#8243; _module_preset=&#8220;default&#8220; min_height_tablet=&#8220;&#8220; min_height_phone=&#8220;&#8220; min_height_last_edited=&#8220;on|desktop&#8220; height=&#8220;105px&#8220; global_colors_info=&#8220;{}&#8220;][\/et_pb_divider][et_pb_divider show_divider=&#8220;off&#8220; _builder_version=&#8220;4.19.0&#8243; _module_preset=&#8220;default&#8220; min_height_tablet=&#8220;&#8220; min_height_phone=&#8220;&#8220; min_height_last_edited=&#8220;on|desktop&#8220; height=&#8220;105px&#8220; global_colors_info=&#8220;{}&#8220;][\/et_pb_divider][\/et_pb_column][et_pb_column type=&#8220;1_2&#8243; _builder_version=&#8220;4.19.0&#8243; custom_padding=&#8220;6vw||6vw||false|false&#8220; custom_padding_tablet=&#8220;|10%||10%||true&#8220; custom_padding_phone=&#8220;&#8220; custom_padding_last_edited=&#8220;on|tablet&#8220; global_colors_info=&#8220;{}&#8220; padding_tablet=&#8220;|10%||10%||true&#8220; padding_last_edited=&#8220;on|tablet&#8220; custom_padding__hover=&#8220;|||&#8220; padding_phone=&#8220;|10%||10%||true&#8220;][et_pb_text _builder_version=&#8220;4.23.1&#8243; header_2_font=&#8220;||||||||&#8220; text_orientation=&#8220;right&#8220; min_height=&#8220;167.8px&#8220; custom_margin=&#8220;-2px|10vw||-20vw||&#8220; custom_margin_tablet=&#8220;|0%||0%||true&#8220; custom_margin_phone=&#8220;|||&#8220; custom_margin_last_edited=&#8220;on|tablet&#8220; custom_padding=&#8220;|||&#8220; custom_padding_last_edited=&#8220;off|desktop&#8220; animation_style=&#8220;slide&#8220; animation_direction=&#8220;left&#8220; animation_intensity_slide=&#8220;2%&#8220; locked=&#8220;off&#8220; inline_fonts=&#8220;beauty,modern-line,Italiana&#8220; global_colors_info=&#8220;{}&#8220;]<\/p>\n<h1><span style=\"font-family: modern-line;\">Fotografin<\/span><\/h1>\n<h6><span style=\"color: #000000; font-family: Italiana;\">Die Person hinter der Kamera<\/span><\/h6>\n<p>&nbsp;<\/p>\n<p>[\/et_pb_text][\/et_pb_column][\/et_pb_row][\/et_pb_section][et_pb_section fb_built=&#8220;1&#8243; custom_padding_last_edited=&#8220;off|desktop&#8220; admin_label=&#8220;About Me&#8220; _builder_version=&#8220;4.23.1&#8243; background_enable_color=&#8220;off&#8220; background_enable_image=&#8220;off&#8220; background_size=&#8220;initial&#8220; background_position=&#8220;top_left&#8220; background_repeat=&#8220;repeat&#8220; min_height=&#8220;308px&#8220; height=&#8220;435px&#8220; custom_margin=&#8220;-5px|||||&#8220; custom_padding=&#8220;|||&#8220; custom_padding_tablet=&#8220;0vw|||&#8220; animation_style=&#8220;slide&#8220; animation_direction=&#8220;right&#8220; animation_intensity_slide=&#8220;2%&#8220; global_colors_info=&#8220;{}&#8220;][et_pb_row _builder_version=&#8220;4.23.1&#8243; min_height=&#8220;332px&#8220; custom_margin=&#8220;|auto|-6px|auto||&#8220; custom_padding=&#8220;|||&#8220; global_colors_info=&#8220;{}&#8220;][et_pb_column type=&#8220;4_4&#8243; _builder_version=&#8220;4.16&#8243; custom_padding=&#8220;|||&#8220; custom_padding_tablet=&#8220;|10%||10%||true&#8220; custom_padding_phone=&#8220;|||&#8220; custom_padding_last_edited=&#8220;off|desktop&#8220; global_colors_info=&#8220;{}&#8220; padding_phone=&#8220;|||&#8220; padding_tablet=&#8220;|10%||10%||true&#8220; padding_last_edited=&#8220;off|desktop&#8220; custom_padding__hover=&#8220;|||&#8220;][et_pb_text _builder_version=&#8220;4.23.1&#8243; header_font=&#8220;Prata||||||||&#8220; custom_margin=&#8220;|||&#8220; inline_fonts=&#8220;Italiana&#8220; global_colors_info=&#8220;{}&#8220;]<\/p>\n<p>Ich bin Chiara, lebe in der wundersch\u00f6nen Ostschweiz und bin nebenberuflich als Fotografin t\u00e4tig \u2013 sowohl im Bereich der Tierfotografie als auch in der People- und Hochzeitsfotografie.<\/p>\n<p>Mein gr\u00f6\u00dftes Ziel ist es, anderen Menschen mit meinen Fotos eine Freude zu machen und sie f\u00fcr immer an ein geliebtes Tier, einen Herzensmenschen oder an den sch\u00f6nsten Tag ihres Lebens zu erinnern. Gemeinsam mit euch m\u00f6chte ich Erinnerungen schaffen \u2013 Fotos, die ihr euch auch in zehn Jahren noch anschaut und dabei ein L\u00e4cheln auf den Lippen habt.<\/p>\n<p>Die Fotografie ist der kreative Ausgleich in meinem Alltag. Das Spiel mit Licht und Schatten drau\u00dfen in der Natur ist f\u00fcr mich einzigartig. Das Allersch\u00f6nste an der Fotografie sind jedoch die Menschen, die ich immer wieder kennenlernen darf. Gemeinsam mit Kunden, welche zu Freunden wurden, durfte ich schon so viele emotionale Momente erleben, welche ich nicht missen m\u00f6chte. Ich freue mich, dich kennenzulernen und mit dir Momente f\u00fcr die Ewigkeit festzuhalten! &lt;3\u00a0<\/p>\n<p><span style=\"font-size: small;\">Fotos: Angelika H. Photography<\/span><\/p>\n<p>&nbsp;<\/p>\n<p>[\/et_pb_text][\/et_pb_column][\/et_pb_row][\/et_pb_section][et_pb_section fb_built=&#8220;1&#8243; admin_label=&#8220;Testimonials&#8220; _builder_version=&#8220;4.18.0&#8243; background_enable_color=&#8220;off&#8220; background_enable_image=&#8220;off&#8220; background_size=&#8220;initial&#8220; background_position=&#8220;top_right&#8220; background_repeat=&#8220;repeat&#8220; min_height=&#8220;1018.7px&#8220; custom_padding=&#8220;2px||20px|||&#8220; global_colors_info=&#8220;{}&#8220;][et_pb_row column_structure=&#8220;1_2,1_2&#8243; _builder_version=&#8220;4.18.0&#8243; min_height=&#8220;1020.7px&#8220; custom_padding=&#8220;|||&#8220; animation_direction=&#8220;left&#8220; global_colors_info=&#8220;{}&#8220;][et_pb_column type=&#8220;1_2&#8243; _builder_version=&#8220;4.18.0&#8243; transform_scale_tablet=&#8220;&#8220; transform_scale_phone=&#8220;&#8220; transform_scale_last_edited=&#8220;on|desktop&#8220; transform_translate=&#8220;0px|151px&#8220; transform_translate_tablet=&#8220;0px|0px&#8220; transform_translate_phone=&#8220;0px|0px&#8220; transform_translate_last_edited=&#8220;on|desktop&#8220; transform_translate_linked_tablet=&#8220;off&#8220; transform_rotate_tablet=&#8220;&#8220; transform_rotate_phone=&#8220;&#8220; transform_rotate_last_edited=&#8220;on|desktop&#8220; transform_skew_tablet=&#8220;&#8220; transform_skew_phone=&#8220;&#8220; transform_skew_last_edited=&#8220;on|desktop&#8220; transform_origin_tablet=&#8220;&#8220; transform_origin_phone=&#8220;&#8220; transform_origin_last_edited=&#8220;on|desktop&#8220; transform_styles_last_edited=&#8220;on|desktop&#8220; custom_padding=&#8220;|||&#8220; transform_styles_tablet=&#8220;&#8220; transform_styles_phone=&#8220;&#8220; global_colors_info=&#8220;{}&#8220; custom_padding__hover=&#8220;|||&#8220;][et_pb_image src=&#8220;https:\/\/chiarabruelisauerfotografie.ch\/wp-content\/uploads\/2025\/04\/DSC08695-scaled.jpg&#8220; title_text=&#8220;DSC08695&#8243; align_tablet=&#8220;center&#8220; align_phone=&#8220;center&#8220; align_last_edited=&#8220;on|desktop&#8220; _builder_version=&#8220;4.23.1&#8243; width=&#8220;90.4%&#8220; custom_margin=&#8220;||78px|||&#8220; custom_padding=&#8220;||0px|||&#8220; animation_style=&#8220;fold&#8220; animation_direction=&#8220;right&#8220; animation_intensity_fold=&#8220;10%&#8220; border_radii=&#8220;off|236px|232px||&#8220; global_colors_info=&#8220;{}&#8220;][\/et_pb_image][\/et_pb_column][et_pb_column type=&#8220;1_2&#8243; _builder_version=&#8220;4.16&#8243; custom_padding=&#8220;|||&#8220; global_colors_info=&#8220;{}&#8220; custom_padding__hover=&#8220;|||&#8220;][et_pb_image src=&#8220;https:\/\/chiarabruelisauerfotografie.ch\/wp-content\/uploads\/2025\/04\/DSC08747-scaled-e1743622010155.jpg&#8220; title_text=&#8220;DSC08747&#8243; align_tablet=&#8220;center&#8220; align_phone=&#8220;center&#8220; align_last_edited=&#8220;on|desktop&#8220; _builder_version=&#8220;4.23.1&#8243; custom_margin=&#8220;||-2px|||&#8220; custom_padding=&#8220;0px||36px|||&#8220; animation_style=&#8220;fold&#8220; animation_direction=&#8220;bottom&#8220; animation_intensity_fold=&#8220;10%&#8220; hover_enabled=&#8220;0&#8243; locked=&#8220;off&#8220; global_colors_info=&#8220;{}&#8220; sticky_enabled=&#8220;0&#8243; min_height=&#8220;672.3px&#8220;][\/et_pb_image][\/et_pb_column][\/et_pb_row][\/et_pb_section][et_pb_section fb_built=&#8220;1&#8243; _builder_version=&#8220;4.23.1&#8243; _module_preset=&#8220;default&#8220; min_height=&#8220;193px&#8220; height=&#8220;100px&#8220; custom_margin=&#8220;-216px|||||&#8220; global_colors_info=&#8220;{}&#8220;][et_pb_row _builder_version=&#8220;4.23.1&#8243; _module_preset=&#8220;default&#8220; global_colors_info=&#8220;{}&#8220;][et_pb_column type=&#8220;4_4&#8243; _builder_version=&#8220;4.23.1&#8243; _module_preset=&#8220;default&#8220; global_colors_info=&#8220;{}&#8220;][et_pb_text _builder_version=&#8220;4.23.1&#8243; _module_preset=&#8220;default&#8220; text_font=&#8220;modern-line|300|||||||&#8220; text_font_size=&#8220;52px&#8220; text_orientation=&#8220;center&#8220; custom_padding=&#8220;||0px|||&#8220; global_colors_info=&#8220;{}&#8220;]<\/p>\n<p>&nbsp;<\/p>\n<p>das macht mich gl\u00fccklich<\/p>\n<p>[\/et_pb_text][\/et_pb_column][\/et_pb_row][\/et_pb_section][et_pb_section fb_built=&#8220;1&#8243; _builder_version=&#8220;4.23.1&#8243; _module_preset=&#8220;default&#8220; min_height=&#8220;189.6px&#8220; global_colors_info=&#8220;{}&#8220;][et_pb_row column_structure=&#8220;1_3,1_3,1_3&#8243; _builder_version=&#8220;4.23.1&#8243; _module_preset=&#8220;default&#8220; global_colors_info=&#8220;{}&#8220;][et_pb_column type=&#8220;1_3&#8243; _builder_version=&#8220;4.23.1&#8243; _module_preset=&#8220;default&#8220; global_colors_info=&#8220;{}&#8220;][et_pb_blurb image=&#8220;https:\/\/chiarabruelisauerfotografie.ch\/wp-content\/uploads\/2022\/10\/Chiara-und-Chla\u0308us_1-scaled-e1702997045912.jpg&#8220; _builder_version=&#8220;4.23.1&#8243; _module_preset=&#8220;default&#8220; body_font=&#8220;|300|||||||&#8220; body_text_align=&#8220;center&#8220; body_line_height=&#8220;1.8em&#8220; global_colors_info=&#8220;{}&#8220;]<\/p>\n<p>Einmal Pferdem\u00e4dchen, immer Pferdem\u00e4dchen. Meine Freizeit verbringe ich am liebsten auf dem R\u00fccken meiner geliebten Reitbeteiligung &#8222;Chl\u00e4us&#8220;.<\/p>\n<p>[\/et_pb_blurb][\/et_pb_column][et_pb_column type=&#8220;1_3&#8243; _builder_version=&#8220;4.23.1&#8243; _module_preset=&#8220;default&#8220; global_colors_info=&#8220;{}&#8220;][et_pb_blurb image=&#8220;https:\/\/chiarabruelisauerfotografie.ch\/wp-content\/uploads\/2023\/12\/image00001-scaled-e1702998264918.jpeg&#8220; _builder_version=&#8220;4.23.1&#8243; _module_preset=&#8220;default&#8220; body_font=&#8220;|300|||||||&#8220; body_text_align=&#8220;center&#8220; body_line_height=&#8220;1.8em&#8220; global_colors_info=&#8220;{}&#8220;]<\/p>\n<p>Schnee, Skifahren, Sonne und Schoggi M\u00e9lange &#8211; das macht mich im Winter so richtig gl\u00fccklich!!<\/p>\n<p>[\/et_pb_blurb][\/et_pb_column][et_pb_column type=&#8220;1_3&#8243; _builder_version=&#8220;4.23.1&#8243; _module_preset=&#8220;default&#8220; global_colors_info=&#8220;{}&#8220;][et_pb_blurb image=&#8220;https:\/\/chiarabruelisauerfotografie.ch\/wp-content\/uploads\/2023\/12\/image00004-scaled.jpeg&#8220; _builder_version=&#8220;4.23.1&#8243; _module_preset=&#8220;default&#8220; body_font=&#8220;|300|||||||&#8220; body_text_align=&#8220;center&#8220; body_line_height=&#8220;1.8em&#8220; global_colors_info=&#8220;{}&#8220;]<\/p>\n<p>Sonnenunterg\u00e4nge am Meer mit meinem Lieblingsmensch &#8211; daran k\u00f6nnte ich mich\u00a0 gew\u00f6hnen \ud83d\ude09 Ganz grunds\u00e4tzlich liebe ich es zu Reisen und neue Orte zu entdecken.<\/p>\n<p>[\/et_pb_blurb][\/et_pb_column][\/et_pb_row][\/et_pb_section][et_pb_section fb_built=&#8220;1&#8243; _builder_version=&#8220;4.23.1&#8243; _module_preset=&#8220;default&#8220; min_height=&#8220;549.5px&#8220; custom_margin=&#8220;-112px|||||&#8220; global_colors_info=&#8220;{}&#8220;][et_pb_row column_structure=&#8220;1_3,1_3,1_3&#8243; _builder_version=&#8220;4.23.1&#8243; _module_preset=&#8220;default&#8220; global_colors_info=&#8220;{}&#8220;][et_pb_column type=&#8220;1_3&#8243; _builder_version=&#8220;4.23.1&#8243; _module_preset=&#8220;default&#8220; global_colors_info=&#8220;{}&#8220;][et_pb_blurb image=&#8220;https:\/\/chiarabruelisauerfotografie.ch\/wp-content\/uploads\/2023\/12\/image00007-scaled.jpeg&#8220; _builder_version=&#8220;4.23.1&#8243; _module_preset=&#8220;default&#8220; body_font=&#8220;|300|||||||&#8220; body_text_align=&#8220;center&#8220; body_line_height=&#8220;1.8em&#8220; global_colors_info=&#8220;{}&#8220;]<\/p>\n<p>Laue Sommerabende, gute Gespr\u00e4che, liebe Menschen und Berge lassen mein Herz h\u00f6her schlagen und laden meine Batterien wieder auf.<\/p>\n<p>[\/et_pb_blurb][\/et_pb_column][et_pb_column type=&#8220;1_3&#8243; _builder_version=&#8220;4.23.1&#8243; _module_preset=&#8220;default&#8220; global_colors_info=&#8220;{}&#8220;][et_pb_blurb image=&#8220;https:\/\/chiarabruelisauerfotografie.ch\/wp-content\/uploads\/2023\/12\/image00017-scaled-e1702997331145.jpeg&#8220; _builder_version=&#8220;4.23.1&#8243; _module_preset=&#8220;default&#8220; body_font=&#8220;|300|||||||&#8220; body_text_align=&#8220;center&#8220; body_line_height=&#8220;1.8em&#8220; global_colors_info=&#8220;{}&#8220;]<\/p>\n<p>Ich liebe alle Tiere, mit denen man kuscheln kann. Ganz besonders unseren Familienkater &#8222;Gino&#8220;! &lt;3<\/p>\n<p>[\/et_pb_blurb][\/et_pb_column][et_pb_column type=&#8220;1_3&#8243; _builder_version=&#8220;4.23.1&#8243; _module_preset=&#8220;default&#8220; global_colors_info=&#8220;{}&#8220;][et_pb_blurb image=&#8220;https:\/\/chiarabruelisauerfotografie.ch\/wp-content\/uploads\/2023\/12\/image00013-scaled-e1702996878177.jpeg&#8220; _builder_version=&#8220;4.23.1&#8243; _module_preset=&#8220;default&#8220; body_font=&#8220;|300|||||||&#8220; body_text_align=&#8220;center&#8220; body_line_height=&#8220;1.8em&#8220; global_colors_info=&#8220;{}&#8220;]<\/p>\n<p>F\u00fcr meine Liebe zu gutem Essen, insbesondere Brunch, bin ich &#8222;bekannt&#8220; haha. Am liebsten \u00e0 discretion um so lange und viel zu Essen wie m\u00f6glich \ud83d\ude09<\/p>\n<p>[\/et_pb_blurb][\/et_pb_column][\/et_pb_row][\/et_pb_section]<\/p>\n","protected":false},"excerpt":{"rendered":"<p>Fotografin Die Person hinter der Kamera &nbsp;Ich bin Chiara, lebe in der wundersch\u00f6nen Ostschweiz und bin nebenberuflich als Fotografin t\u00e4tig \u2013 sowohl im Bereich der Tierfotografie als auch in der People- und Hochzeitsfotografie. Mein gr\u00f6\u00dftes Ziel ist es, anderen Menschen mit meinen Fotos eine Freude zu machen und sie f\u00fcr immer an ein geliebtes Tier, [&hellip;]<\/p>\n","protected":false},"author":1,"featured_media":0,"parent":0,"menu_order":0,"comment_status":"closed","ping_status":"closed","template":"","meta":{"_et_pb_use_builder":"on","_et_pb_old_content":"","_et_gb_content_width":"","footnotes":""},"class_list":["post-55","page","type-page","status-publish","hentry"],"yoast_head":"<!-- This site is optimized with the Yoast SEO plugin v25.3.1 - https:\/\/yoast.com\/wordpress\/plugins\/seo\/ -->\n<title>Fotografin Chiara - Tier- &amp; Hochzeitsfotografie in der Ostschweiz<\/title>\n<meta name=\"description\" content=\"Chiara, leidenschaftliche Fotografin in der Ostschweiz, spezialisiert auf emotionale Tierfotografie und unvergessliche Hochzeitsbilder.\" \/>\n<meta name=\"robots\" content=\"index, follow, max-snippet:-1, max-image-preview:large, max-video-preview:-1\" \/>\n<link rel=\"canonical\" href=\"https:\/\/chiarabruelisauerfotografie.ch\/index.php\/fotografin\/\" \/>\n<meta property=\"og:locale\" content=\"de_DE\" \/>\n<meta property=\"og:type\" content=\"article\" \/>\n<meta property=\"og:title\" content=\"Fotografin Chiara - Tier- &amp; Hochzeitsfotografie in der Ostschweiz\" \/>\n<meta property=\"og:description\" content=\"Chiara, leidenschaftliche Fotografin in der Ostschweiz, spezialisiert auf emotionale Tierfotografie und unvergessliche Hochzeitsbilder.\" \/>\n<meta property=\"og:url\" content=\"https:\/\/chiarabruelisauerfotografie.ch\/index.php\/fotografin\/\" \/>\n<meta property=\"og:site_name\" content=\"Chiara Br\u00fclisauer Fotografie\" \/>\n<meta property=\"article:publisher\" content=\"https:\/\/www.facebook.com\/chiara.brulisauer.9\" \/>\n<meta property=\"article:modified_time\" content=\"2025-04-02T19:41:25+00:00\" \/>\n<meta property=\"og:image\" content=\"https:\/\/chiarabruelisauerfotografie.ch\/wp-content\/uploads\/2022\/10\/87A2169.jpg\" \/>\n\t<meta property=\"og:image:width\" content=\"2048\" \/>\n\t<meta property=\"og:image:height\" content=\"1365\" \/>\n\t<meta property=\"og:image:type\" content=\"image\/jpeg\" \/>\n<meta name=\"twitter:card\" content=\"summary_large_image\" \/>\n<meta name=\"twitter:label1\" content=\"Gesch\u00e4tzte Lesezeit\" \/>\n\t<meta name=\"twitter:data1\" content=\"3\u00a0Minuten\" \/>\n<script type=\"application\/ld+json\" class=\"yoast-schema-graph\">{\"@context\":\"https:\/\/schema.org\",\"@graph\":[{\"@type\":\"WebPage\",\"@id\":\"https:\/\/chiarabruelisauerfotografie.ch\/index.php\/fotografin\/\",\"url\":\"https:\/\/chiarabruelisauerfotografie.ch\/index.php\/fotografin\/\",\"name\":\"Fotografin Chiara - Tier- & Hochzeitsfotografie in der Ostschweiz\",\"isPartOf\":{\"@id\":\"https:\/\/chiarabruelisauerfotografie.ch\/#website\"},\"datePublished\":\"2022-10-29T12:52:25+00:00\",\"dateModified\":\"2025-04-02T19:41:25+00:00\",\"description\":\"Chiara, leidenschaftliche Fotografin in der Ostschweiz, spezialisiert auf emotionale Tierfotografie und unvergessliche Hochzeitsbilder.\",\"breadcrumb\":{\"@id\":\"https:\/\/chiarabruelisauerfotografie.ch\/index.php\/fotografin\/#breadcrumb\"},\"inLanguage\":\"de\",\"potentialAction\":[{\"@type\":\"ReadAction\",\"target\":[\"https:\/\/chiarabruelisauerfotografie.ch\/index.php\/fotografin\/\"]}]},{\"@type\":\"BreadcrumbList\",\"@id\":\"https:\/\/chiarabruelisauerfotografie.ch\/index.php\/fotografin\/#breadcrumb\",\"itemListElement\":[{\"@type\":\"ListItem\",\"position\":1,\"name\":\"Startseite\",\"item\":\"https:\/\/chiarabruelisauerfotografie.ch\/\"},{\"@type\":\"ListItem\",\"position\":2,\"name\":\"Fotografin\"}]},{\"@type\":\"WebSite\",\"@id\":\"https:\/\/chiarabruelisauerfotografie.ch\/#website\",\"url\":\"https:\/\/chiarabruelisauerfotografie.ch\/\",\"name\":\"Chiara Br\u00fclisauer Fotografie\",\"description\":\"Tier- und Peoplefotografie aus der Schweiz\",\"publisher\":{\"@id\":\"https:\/\/chiarabruelisauerfotografie.ch\/#\/schema\/person\/ff7e9910c45227217097377f14aca4ee\"},\"alternateName\":\"Chiara Br\u00fclisauer\",\"potentialAction\":[{\"@type\":\"SearchAction\",\"target\":{\"@type\":\"EntryPoint\",\"urlTemplate\":\"https:\/\/chiarabruelisauerfotografie.ch\/?s={search_term_string}\"},\"query-input\":{\"@type\":\"PropertyValueSpecification\",\"valueRequired\":true,\"valueName\":\"search_term_string\"}}],\"inLanguage\":\"de\"},{\"@type\":[\"Person\",\"Organization\"],\"@id\":\"https:\/\/chiarabruelisauerfotografie.ch\/#\/schema\/person\/ff7e9910c45227217097377f14aca4ee\",\"name\":\"Chiara Br\u00fclisauer Fotografie\",\"image\":{\"@type\":\"ImageObject\",\"inLanguage\":\"de\",\"@id\":\"https:\/\/chiarabruelisauerfotografie.ch\/#\/schema\/person\/image\/\",\"url\":\"https:\/\/chiarabruelisauerfotografie.ch\/wp-content\/uploads\/2022\/10\/cb-logo.jpg\",\"contentUrl\":\"https:\/\/chiarabruelisauerfotografie.ch\/wp-content\/uploads\/2022\/10\/cb-logo.jpg\",\"width\":242,\"height\":160,\"caption\":\"Chiara Br\u00fclisauer Fotografie\"},\"logo\":{\"@id\":\"https:\/\/chiarabruelisauerfotografie.ch\/#\/schema\/person\/image\/\"},\"description\":\"Pferde-, Hunde- und Peoplefotografin us de (Ost-)Schwiiz &lt;3\",\"sameAs\":[\"https:\/\/chiarabruelisauerfotografie.ch\",\"https:\/\/www.facebook.com\/chiara.brulisauer.9\",\"https:\/\/www.instagram.com\/chiarabruelisauerfotografie\/\"]}]}<\/script>\n<!-- \/ Yoast SEO plugin. -->","yoast_head_json":{"title":"Fotografin Chiara - Tier- & Hochzeitsfotografie in der Ostschweiz","description":"Chiara, leidenschaftliche Fotografin in der Ostschweiz, spezialisiert auf emotionale Tierfotografie und unvergessliche Hochzeitsbilder.","robots":{"index":"index","follow":"follow","max-snippet":"max-snippet:-1","max-image-preview":"max-image-preview:large","max-video-preview":"max-video-preview:-1"},"canonical":"https:\/\/chiarabruelisauerfotografie.ch\/index.php\/fotografin\/","og_locale":"de_DE","og_type":"article","og_title":"Fotografin Chiara - Tier- & Hochzeitsfotografie in der Ostschweiz","og_description":"Chiara, leidenschaftliche Fotografin in der Ostschweiz, spezialisiert auf emotionale Tierfotografie und unvergessliche Hochzeitsbilder.","og_url":"https:\/\/chiarabruelisauerfotografie.ch\/index.php\/fotografin\/","og_site_name":"Chiara Br\u00fclisauer Fotografie","article_publisher":"https:\/\/www.facebook.com\/chiara.brulisauer.9","article_modified_time":"2025-04-02T19:41:25+00:00","og_image":[{"width":2048,"height":1365,"url":"https:\/\/chiarabruelisauerfotografie.ch\/wp-content\/uploads\/2022\/10\/87A2169.jpg","type":"image\/jpeg"}],"twitter_card":"summary_large_image","twitter_misc":{"Gesch\u00e4tzte Lesezeit":"3\u00a0Minuten"},"schema":{"@context":"https:\/\/schema.org","@graph":[{"@type":"WebPage","@id":"https:\/\/chiarabruelisauerfotografie.ch\/index.php\/fotografin\/","url":"https:\/\/chiarabruelisauerfotografie.ch\/index.php\/fotografin\/","name":"Fotografin Chiara - Tier- & Hochzeitsfotografie in der Ostschweiz","isPartOf":{"@id":"https:\/\/chiarabruelisauerfotografie.ch\/#website"},"datePublished":"2022-10-29T12:52:25+00:00","dateModified":"2025-04-02T19:41:25+00:00","description":"Chiara, leidenschaftliche Fotografin in der Ostschweiz, spezialisiert auf emotionale Tierfotografie und unvergessliche Hochzeitsbilder.","breadcrumb":{"@id":"https:\/\/chiarabruelisauerfotografie.ch\/index.php\/fotografin\/#breadcrumb"},"inLanguage":"de","potentialAction":[{"@type":"ReadAction","target":["https:\/\/chiarabruelisauerfotografie.ch\/index.php\/fotografin\/"]}]},{"@type":"BreadcrumbList","@id":"https:\/\/chiarabruelisauerfotografie.ch\/index.php\/fotografin\/#breadcrumb","itemListElement":[{"@type":"ListItem","position":1,"name":"Startseite","item":"https:\/\/chiarabruelisauerfotografie.ch\/"},{"@type":"ListItem","position":2,"name":"Fotografin"}]},{"@type":"WebSite","@id":"https:\/\/chiarabruelisauerfotografie.ch\/#website","url":"https:\/\/chiarabruelisauerfotografie.ch\/","name":"Chiara Br\u00fclisauer Fotografie","description":"Tier- und Peoplefotografie aus der Schweiz","publisher":{"@id":"https:\/\/chiarabruelisauerfotografie.ch\/#\/schema\/person\/ff7e9910c45227217097377f14aca4ee"},"alternateName":"Chiara Br\u00fclisauer","potentialAction":[{"@type":"SearchAction","target":{"@type":"EntryPoint","urlTemplate":"https:\/\/chiarabruelisauerfotografie.ch\/?s={search_term_string}"},"query-input":{"@type":"PropertyValueSpecification","valueRequired":true,"valueName":"search_term_string"}}],"inLanguage":"de"},{"@type":["Person","Organization"],"@id":"https:\/\/chiarabruelisauerfotografie.ch\/#\/schema\/person\/ff7e9910c45227217097377f14aca4ee","name":"Chiara Br\u00fclisauer Fotografie","image":{"@type":"ImageObject","inLanguage":"de","@id":"https:\/\/chiarabruelisauerfotografie.ch\/#\/schema\/person\/image\/","url":"https:\/\/chiarabruelisauerfotografie.ch\/wp-content\/uploads\/2022\/10\/cb-logo.jpg","contentUrl":"https:\/\/chiarabruelisauerfotografie.ch\/wp-content\/uploads\/2022\/10\/cb-logo.jpg","width":242,"height":160,"caption":"Chiara Br\u00fclisauer Fotografie"},"logo":{"@id":"https:\/\/chiarabruelisauerfotografie.ch\/#\/schema\/person\/image\/"},"description":"Pferde-, Hunde- und Peoplefotografin us de (Ost-)Schwiiz &lt;3","sameAs":["https:\/\/chiarabruelisauerfotografie.ch","https:\/\/www.facebook.com\/chiara.brulisauer.9","https:\/\/www.instagram.com\/chiarabruelisauerfotografie\/"]}]}},"_links":{"self":[{"href":"https:\/\/chiarabruelisauerfotografie.ch\/index.php\/wp-json\/wp\/v2\/pages\/55","targetHints":{"allow":["GET"]}}],"collection":[{"href":"https:\/\/chiarabruelisauerfotografie.ch\/index.php\/wp-json\/wp\/v2\/pages"}],"about":[{"href":"https:\/\/chiarabruelisauerfotografie.ch\/index.php\/wp-json\/wp\/v2\/types\/page"}],"author":[{"embeddable":true,"href":"https:\/\/chiarabruelisauerfotografie.ch\/index.php\/wp-json\/wp\/v2\/users\/1"}],"replies":[{"embeddable":true,"href":"https:\/\/chiarabruelisauerfotografie.ch\/index.php\/wp-json\/wp\/v2\/comments?post=55"}],"version-history":[{"count":36,"href":"https:\/\/chiarabruelisauerfotografie.ch\/index.php\/wp-json\/wp\/v2\/pages\/55\/revisions"}],"predecessor-version":[{"id":1396,"href":"https:\/\/chiarabruelisauerfotografie.ch\/index.php\/wp-json\/wp\/v2\/pages\/55\/revisions\/1396"}],"wp:attachment":[{"href":"https:\/\/chiarabruelisauerfotografie.ch\/index.php\/wp-json\/wp\/v2\/media?parent=55"}],"curies":[{"name":"wp","href":"https:\/\/api.w.org\/{rel}","templated":true}]}}