{"id":13,"date":"2022-10-29T11:06:56","date_gmt":"2022-10-29T11:06:56","guid":{"rendered":"https:\/\/chiarabruelisauerfotografie.ch\/?page_id=13"},"modified":"2023-12-01T12:50:38","modified_gmt":"2023-12-01T12:50:38","slug":"impressum","status":"publish","type":"page","link":"https:\/\/chiarabruelisauerfotografie.ch\/index.php\/impressum\/","title":{"rendered":"Impressum"},"content":{"rendered":"<p>[et_pb_section fb_built=&#8220;1&#8243; custom_padding_last_edited=&#8220;on|tablet&#8220; admin_label=&#8220;Hero&#8220; _builder_version=&#8220;4.18.0&#8243; use_background_color_gradient=&#8220;on&#8220; background_color_gradient_direction=&#8220;90deg&#8220; background_color_gradient_stops=&#8220;#F0EDEE 65%|#F9F6F5 65%&#8220; background_color_gradient_start=&#8220;#F0EDEE&#8220; background_color_gradient_start_position=&#8220;65%&#8220; background_color_gradient_end=&#8220;#F9F6F5&#8243; background_color_gradient_end_position=&#8220;0%&#8220; background_size=&#8220;initial&#8220; background_position=&#8220;top_left&#8220; background_repeat=&#8220;repeat&#8220; custom_margin=&#8220;|||&#8220; custom_padding=&#8220;3vw|0px|0px|0px|false|false&#8220; custom_padding_tablet=&#8220;0vw|||&#8220; custom_padding_phone=&#8220;&#8220; global_colors_info=&#8220;{}&#8220;][et_pb_row column_structure=&#8220;1_2,1_2&#8243; make_equal=&#8220;on&#8220; disabled_on=&#8220;off|off|off&#8220; _builder_version=&#8220;4.18.0&#8243; width=&#8220;100%&#8220; max_width=&#8220;100%&#8220; min_height=&#8220;272.4px&#8220; custom_margin=&#8220;2px|auto||auto||&#8220; custom_padding=&#8220;3px|0px|3px|0px|true|true&#8220; use_custom_width=&#8220;on&#8220; width_unit=&#8220;off&#8220; custom_width_percent=&#8220;100%&#8220; global_colors_info=&#8220;{}&#8220;][et_pb_column type=&#8220;1_2&#8243; _builder_version=&#8220;4.18.0&#8243; use_background_color_gradient=&#8220;on&#8220; background_color_gradient_direction=&#8220;30deg&#8220; background_color_gradient_stops=&#8220;rgba(222,213,216,0.1) 0%|rgba(222,213,216,0.7) 100%&#8220; background_color_gradient_overlays_image=&#8220;on&#8220; background_color_gradient_start=&#8220;rgba(222,213,216,0.1)&#8220; background_color_gradient_end=&#8220;rgba(222,213,216,0.7)&#8220; background_image=&#8220;https:\/\/chiarabruelisauerfotografie.ch\/wp-content\/uploads\/2022\/10\/Paso-Fino_2.jpg&#8220; custom_padding=&#8220;95px||||false|false&#8220; global_colors_info=&#8220;{}&#8220; custom_padding__hover=&#8220;|||&#8220;][et_pb_divider show_divider=&#8220;off&#8220; _builder_version=&#8220;4.19.0&#8243; _module_preset=&#8220;default&#8220; min_height_tablet=&#8220;&#8220; min_height_phone=&#8220;&#8220; min_height_last_edited=&#8220;on|desktop&#8220; height=&#8220;105px&#8220; locked=&#8220;off&#8220; global_colors_info=&#8220;{}&#8220;][\/et_pb_divider][\/et_pb_column][et_pb_column type=&#8220;1_2&#8243; _builder_version=&#8220;4.18.0&#8243; custom_padding=&#8220;6vw||6vw||false|false&#8220; custom_padding_tablet=&#8220;|10%||10%||true&#8220; custom_padding_phone=&#8220;|10%||10%||true&#8220; custom_padding_last_edited=&#8220;on|tablet&#8220; global_colors_info=&#8220;{}&#8220; padding_tablet=&#8220;|10%||10%||true&#8220; padding_last_edited=&#8220;on|tablet&#8220; custom_padding__hover=&#8220;|||&#8220; padding_phone=&#8220;|10%||10%||true&#8220;][et_pb_text _builder_version=&#8220;4.19.0&#8243; text_font=&#8220;||||||||&#8220; header_letter_spacing=&#8220;0.05em&#8220; header_5_font=&#8220;Roboto|700||on|||||&#8220; header_6_font=&#8220;Roboto|700||on|||||&#8220; text_orientation=&#8220;right&#8220; min_height=&#8220;167.8px&#8220; custom_margin=&#8220;-2px|10vw||-20vw||&#8220; custom_margin_tablet=&#8220;|0%||0%||true&#8220; custom_margin_phone=&#8220;|||&#8220; custom_margin_last_edited=&#8220;on|tablet&#8220; custom_padding=&#8220;|||&#8220; custom_padding_last_edited=&#8220;off|desktop&#8220; animation_style=&#8220;slide&#8220; animation_direction=&#8220;left&#8220; animation_intensity_slide=&#8220;2%&#8220; locked=&#8220;off&#8220; global_colors_info=&#8220;{}&#8220; inline_fonts=&#8220;modern-line&#8220;]<\/p>\n<h1><span style=\"font-family: modern-line;\">Impressum<\/span><\/h1>\n<p>&nbsp;<\/p>\n<p>[\/et_pb_text][\/et_pb_column][\/et_pb_row][\/et_pb_section][et_pb_section fb_built=&#8220;1&#8243; admin_label=&#8220;Contact form&#8220; _builder_version=&#8220;4.16&#8243; background_size=&#8220;initial&#8220; background_position=&#8220;top_left&#8220; background_repeat=&#8220;repeat&#8220; min_height=&#8220;960.8px&#8220; custom_margin=&#8220;-4px|||||&#8220; global_colors_info=&#8220;{}&#8220;][et_pb_row _builder_version=&#8220;4.16&#8243; custom_padding=&#8220;58px|||||&#8220; global_colors_info=&#8220;{}&#8220;][et_pb_column type=&#8220;4_4&#8243; _builder_version=&#8220;4.16&#8243; custom_padding=&#8220;|||&#8220; global_colors_info=&#8220;{}&#8220; custom_padding__hover=&#8220;|||&#8220;][et_pb_text _builder_version=&#8220;4.18.0&#8243; _module_preset=&#8220;default&#8220; global_colors_info=&#8220;{}&#8220;]<\/p>\n<div id=\"comp-kjl6495n\" class=\"_1Q9if _3bcaz\" data-testid=\"richTextElement\">\n<p class=\"font_7\" style=\"font-size: 15px;\"><span style=\"font-weight: bold;\"><span style=\"font-size: 15px;\">Kontaktadresse<br \/><\/span><\/span><span style=\"font-size: 15px;\">Chiara Br\u00fclisauer<br \/>Chiara Br\u00fclisauer Fotografie<br \/>Bildfeldstrasse 7<br \/>9552 Bronschhofen<br \/>078 721 68 11<br \/>c.bruelisauer@gmail.com<\/span><\/p>\n<p class=\"font_8\" style=\"font-size: 15px;\">\n<p class=\"font_8\" style=\"font-size: 15px;\"><span style=\"font-weight: bold;\"><span style=\"font-size: 15px;\">Haftungsausschluss<br \/><\/span><\/span><span style=\"font-size: 15px;\">Der Webseitenbetreiber \u00fcbernimmt keine Gew\u00e4hr bez\u00fcglich der inhaltlichen Korrektheit, Exaktheit, Aktualit\u00e4t, Vollst\u00e4ndigkeit oder Zuverl\u00e4ssigkeit der ver\u00f6ffentlichten Informationen.\u00a0Haftungsanspr\u00fcche gegen den Webseitenbetreiber wegen materieller oder immaterieller Sch\u00e4den jeglicher Art, welche aus dem Besuch, der Nutzung oder auch Nichtnutzung der zur Verf\u00fcgung gestellten Daten, durch einen falschen Gebrauch der Internetverbindung oder durch eventuelle technische Fehler entstanden sind, werden ausgeschlossen.<\/span><\/p>\n<p class=\"font_8\" style=\"font-size: 15px;\"><span style=\"font-size: 15px;\">Alle ver\u00f6ffentlichten Angebote haben einen unverbindlichen Charakter. Der Webseitenbetreiber hat das Recht, Teile von Webseiten oder auch den gesamten Inhalt ohne vorherige Ank\u00fcndigung zu \u00e4ndern, zu erg\u00e4nzen, zu l\u00f6schen oder die Publikation teilweise oder komplett einzustellen.<\/span><span style=\"font-size: 15px;\"><span class=\"wixGuard\">\u200b<\/span><\/span><\/p>\n<p class=\"font_8\" style=\"font-size: 15px;\"><span style=\"font-weight: bold;\"><span style=\"font-size: 15px;\">Haftung f\u00fcr Links<br \/><\/span><\/span><span style=\"font-size: 15px;\">Links auf Webseiten von Drittanbietern, sowie Verweise darauf, liegen au\u00dferhalb des Verantwortungsbereichs des Webseitenbetreibers. Jegliche Verantwortung f\u00fcr die Inhalte dieser Webseiten wird abgelehnt. Wer auf von Drittanbietern zugreift, diese besucht oder nutzt, tut dies auf eigene Gefahr.<\/span><\/p>\n<p class=\"font_8\" style=\"font-size: 15px;\"><span style=\"font-weight: bold;\"><span style=\"font-size: 15px;\">Urheberrechte<br \/><\/span><\/span><span style=\"font-size: 15px;\">Das Urheberrecht sowie alle anderen Rechte an Texten, Bildern, Fotos oder Dateien auf der Webseite geh\u00f6ren ausschlie\u00dflich den Webseitenbetreiber oder den angef\u00fchrten Rechteinhabern. Die Reproduktion von Elementen bedarf der schriftlichen Zustimmung der Urheberrechtstr\u00e4ger.<\/span><\/p>\n<p class=\"font_8\" style=\"font-size: 15px;\"><span style=\"font-size: 15px;\"><strong>Umsetzung\/Design<\/strong><br \/><span style=\"color: #000000;\"><a href=\"https:\/\/www.joliegraphie.de\" target=\"_blank\" rel=\"noopener\" style=\"color: #000000;\">Gina Wetzler | www.joliegraphie.de<\/a><\/span><\/span><\/p>\n<\/div>\n<p>[\/et_pb_text][\/et_pb_column][\/et_pb_row][\/et_pb_section]<\/p>\n","protected":false},"excerpt":{"rendered":"<p>Impressum &nbsp; KontaktadresseChiara Br\u00fclisauerChiara Br\u00fclisauer FotografieBildfeldstrasse 79552 Bronschhofen078 721 68 11c.bruelisauer@gmail.com HaftungsausschlussDer Webseitenbetreiber \u00fcbernimmt keine Gew\u00e4hr bez\u00fcglich der inhaltlichen Korrektheit, Exaktheit, Aktualit\u00e4t, Vollst\u00e4ndigkeit oder Zuverl\u00e4ssigkeit der ver\u00f6ffentlichten Informationen.\u00a0Haftungsanspr\u00fcche gegen den Webseitenbetreiber wegen materieller oder immaterieller Sch\u00e4den jeglicher Art, welche aus dem Besuch, der Nutzung oder auch Nichtnutzung der zur Verf\u00fcgung gestellten Daten, durch einen falschen [&hellip;]<\/p>\n","protected":false},"author":1,"featured_media":0,"parent":0,"menu_order":0,"comment_status":"closed","ping_status":"closed","template":"","meta":{"_et_pb_use_builder":"on","_et_pb_old_content":"","_et_gb_content_width":"","footnotes":""},"class_list":["post-13","page","type-page","status-publish","hentry"],"yoast_head":"<!-- This site is optimized with the Yoast SEO plugin v25.3.1 - https:\/\/yoast.com\/wordpress\/plugins\/seo\/ -->\n<title>Fotografin f\u00fcr Tiere-, People- &amp; Hochzeiten in der Ostschweiz<\/title>\n<meta name=\"description\" content=\"Fotografin in der Schweiz, spezialisiert auf Tierfotografie, People und Hochzeitsfotografie. Erinnerungen in Bildern festhalten.\" \/>\n<meta name=\"robots\" content=\"index, follow, max-snippet:-1, max-image-preview:large, max-video-preview:-1\" \/>\n<link rel=\"canonical\" href=\"https:\/\/chiarabruelisauerfotografie.ch\/index.php\/impressum\/\" \/>\n<meta property=\"og:locale\" content=\"de_DE\" \/>\n<meta property=\"og:type\" content=\"article\" \/>\n<meta property=\"og:title\" content=\"Fotografin f\u00fcr Tiere-, People- &amp; Hochzeiten in der Ostschweiz\" \/>\n<meta property=\"og:description\" content=\"Fotografin in der Schweiz, spezialisiert auf Tierfotografie, People und Hochzeitsfotografie. Erinnerungen in Bildern festhalten.\" \/>\n<meta property=\"og:url\" content=\"https:\/\/chiarabruelisauerfotografie.ch\/index.php\/impressum\/\" \/>\n<meta property=\"og:site_name\" content=\"Chiara Br\u00fclisauer Fotografie\" \/>\n<meta property=\"article:publisher\" content=\"https:\/\/www.facebook.com\/chiara.brulisauer.9\" \/>\n<meta property=\"article:modified_time\" content=\"2023-12-01T12:50:38+00:00\" \/>\n<meta property=\"og:image\" content=\"https:\/\/chiarabruelisauerfotografie.ch\/wp-content\/uploads\/2022\/10\/87A2169.jpg\" \/>\n\t<meta property=\"og:image:width\" content=\"2048\" \/>\n\t<meta property=\"og:image:height\" content=\"1365\" \/>\n\t<meta property=\"og:image:type\" content=\"image\/jpeg\" \/>\n<meta name=\"twitter:card\" content=\"summary_large_image\" \/>\n<meta name=\"twitter:label1\" content=\"Gesch\u00e4tzte Lesezeit\" \/>\n\t<meta name=\"twitter:data1\" content=\"2\u00a0Minuten\" \/>\n<script type=\"application\/ld+json\" class=\"yoast-schema-graph\">{\"@context\":\"https:\/\/schema.org\",\"@graph\":[{\"@type\":\"WebPage\",\"@id\":\"https:\/\/chiarabruelisauerfotografie.ch\/index.php\/impressum\/\",\"url\":\"https:\/\/chiarabruelisauerfotografie.ch\/index.php\/impressum\/\",\"name\":\"Fotografin f\u00fcr Tiere-, People- & Hochzeiten in der Ostschweiz\",\"isPartOf\":{\"@id\":\"https:\/\/chiarabruelisauerfotografie.ch\/#website\"},\"datePublished\":\"2022-10-29T11:06:56+00:00\",\"dateModified\":\"2023-12-01T12:50:38+00:00\",\"description\":\"Fotografin in der Schweiz, spezialisiert auf Tierfotografie, People und Hochzeitsfotografie. Erinnerungen in Bildern festhalten.\",\"breadcrumb\":{\"@id\":\"https:\/\/chiarabruelisauerfotografie.ch\/index.php\/impressum\/#breadcrumb\"},\"inLanguage\":\"de\",\"potentialAction\":[{\"@type\":\"ReadAction\",\"target\":[\"https:\/\/chiarabruelisauerfotografie.ch\/index.php\/impressum\/\"]}]},{\"@type\":\"BreadcrumbList\",\"@id\":\"https:\/\/chiarabruelisauerfotografie.ch\/index.php\/impressum\/#breadcrumb\",\"itemListElement\":[{\"@type\":\"ListItem\",\"position\":1,\"name\":\"Startseite\",\"item\":\"https:\/\/chiarabruelisauerfotografie.ch\/\"},{\"@type\":\"ListItem\",\"position\":2,\"name\":\"Impressum\"}]},{\"@type\":\"WebSite\",\"@id\":\"https:\/\/chiarabruelisauerfotografie.ch\/#website\",\"url\":\"https:\/\/chiarabruelisauerfotografie.ch\/\",\"name\":\"Chiara Br\u00fclisauer Fotografie\",\"description\":\"Tier- und Peoplefotografie aus der Schweiz\",\"publisher\":{\"@id\":\"https:\/\/chiarabruelisauerfotografie.ch\/#\/schema\/person\/ff7e9910c45227217097377f14aca4ee\"},\"alternateName\":\"Chiara Br\u00fclisauer\",\"potentialAction\":[{\"@type\":\"SearchAction\",\"target\":{\"@type\":\"EntryPoint\",\"urlTemplate\":\"https:\/\/chiarabruelisauerfotografie.ch\/?s={search_term_string}\"},\"query-input\":{\"@type\":\"PropertyValueSpecification\",\"valueRequired\":true,\"valueName\":\"search_term_string\"}}],\"inLanguage\":\"de\"},{\"@type\":[\"Person\",\"Organization\"],\"@id\":\"https:\/\/chiarabruelisauerfotografie.ch\/#\/schema\/person\/ff7e9910c45227217097377f14aca4ee\",\"name\":\"Chiara Br\u00fclisauer Fotografie\",\"image\":{\"@type\":\"ImageObject\",\"inLanguage\":\"de\",\"@id\":\"https:\/\/chiarabruelisauerfotografie.ch\/#\/schema\/person\/image\/\",\"url\":\"https:\/\/chiarabruelisauerfotografie.ch\/wp-content\/uploads\/2022\/10\/cb-logo.jpg\",\"contentUrl\":\"https:\/\/chiarabruelisauerfotografie.ch\/wp-content\/uploads\/2022\/10\/cb-logo.jpg\",\"width\":242,\"height\":160,\"caption\":\"Chiara Br\u00fclisauer Fotografie\"},\"logo\":{\"@id\":\"https:\/\/chiarabruelisauerfotografie.ch\/#\/schema\/person\/image\/\"},\"description\":\"Pferde-, Hunde- und Peoplefotografin us de (Ost-)Schwiiz &lt;3\",\"sameAs\":[\"https:\/\/chiarabruelisauerfotografie.ch\",\"https:\/\/www.facebook.com\/chiara.brulisauer.9\",\"https:\/\/www.instagram.com\/chiarabruelisauerfotografie\/\"]}]}<\/script>\n<!-- \/ Yoast SEO plugin. -->","yoast_head_json":{"title":"Fotografin f\u00fcr Tiere-, People- & Hochzeiten in der Ostschweiz","description":"Fotografin in der Schweiz, spezialisiert auf Tierfotografie, People und Hochzeitsfotografie. Erinnerungen in Bildern festhalten.","robots":{"index":"index","follow":"follow","max-snippet":"max-snippet:-1","max-image-preview":"max-image-preview:large","max-video-preview":"max-video-preview:-1"},"canonical":"https:\/\/chiarabruelisauerfotografie.ch\/index.php\/impressum\/","og_locale":"de_DE","og_type":"article","og_title":"Fotografin f\u00fcr Tiere-, People- & Hochzeiten in der Ostschweiz","og_description":"Fotografin in der Schweiz, spezialisiert auf Tierfotografie, People und Hochzeitsfotografie. Erinnerungen in Bildern festhalten.","og_url":"https:\/\/chiarabruelisauerfotografie.ch\/index.php\/impressum\/","og_site_name":"Chiara Br\u00fclisauer Fotografie","article_publisher":"https:\/\/www.facebook.com\/chiara.brulisauer.9","article_modified_time":"2023-12-01T12:50:38+00:00","og_image":[{"width":2048,"height":1365,"url":"https:\/\/chiarabruelisauerfotografie.ch\/wp-content\/uploads\/2022\/10\/87A2169.jpg","type":"image\/jpeg"}],"twitter_card":"summary_large_image","twitter_misc":{"Gesch\u00e4tzte Lesezeit":"2\u00a0Minuten"},"schema":{"@context":"https:\/\/schema.org","@graph":[{"@type":"WebPage","@id":"https:\/\/chiarabruelisauerfotografie.ch\/index.php\/impressum\/","url":"https:\/\/chiarabruelisauerfotografie.ch\/index.php\/impressum\/","name":"Fotografin f\u00fcr Tiere-, People- & Hochzeiten in der Ostschweiz","isPartOf":{"@id":"https:\/\/chiarabruelisauerfotografie.ch\/#website"},"datePublished":"2022-10-29T11:06:56+00:00","dateModified":"2023-12-01T12:50:38+00:00","description":"Fotografin in der Schweiz, spezialisiert auf Tierfotografie, People und Hochzeitsfotografie. Erinnerungen in Bildern festhalten.","breadcrumb":{"@id":"https:\/\/chiarabruelisauerfotografie.ch\/index.php\/impressum\/#breadcrumb"},"inLanguage":"de","potentialAction":[{"@type":"ReadAction","target":["https:\/\/chiarabruelisauerfotografie.ch\/index.php\/impressum\/"]}]},{"@type":"BreadcrumbList","@id":"https:\/\/chiarabruelisauerfotografie.ch\/index.php\/impressum\/#breadcrumb","itemListElement":[{"@type":"ListItem","position":1,"name":"Startseite","item":"https:\/\/chiarabruelisauerfotografie.ch\/"},{"@type":"ListItem","position":2,"name":"Impressum"}]},{"@type":"WebSite","@id":"https:\/\/chiarabruelisauerfotografie.ch\/#website","url":"https:\/\/chiarabruelisauerfotografie.ch\/","name":"Chiara Br\u00fclisauer Fotografie","description":"Tier- und Peoplefotografie aus der Schweiz","publisher":{"@id":"https:\/\/chiarabruelisauerfotografie.ch\/#\/schema\/person\/ff7e9910c45227217097377f14aca4ee"},"alternateName":"Chiara Br\u00fclisauer","potentialAction":[{"@type":"SearchAction","target":{"@type":"EntryPoint","urlTemplate":"https:\/\/chiarabruelisauerfotografie.ch\/?s={search_term_string}"},"query-input":{"@type":"PropertyValueSpecification","valueRequired":true,"valueName":"search_term_string"}}],"inLanguage":"de"},{"@type":["Person","Organization"],"@id":"https:\/\/chiarabruelisauerfotografie.ch\/#\/schema\/person\/ff7e9910c45227217097377f14aca4ee","name":"Chiara Br\u00fclisauer Fotografie","image":{"@type":"ImageObject","inLanguage":"de","@id":"https:\/\/chiarabruelisauerfotografie.ch\/#\/schema\/person\/image\/","url":"https:\/\/chiarabruelisauerfotografie.ch\/wp-content\/uploads\/2022\/10\/cb-logo.jpg","contentUrl":"https:\/\/chiarabruelisauerfotografie.ch\/wp-content\/uploads\/2022\/10\/cb-logo.jpg","width":242,"height":160,"caption":"Chiara Br\u00fclisauer Fotografie"},"logo":{"@id":"https:\/\/chiarabruelisauerfotografie.ch\/#\/schema\/person\/image\/"},"description":"Pferde-, Hunde- und Peoplefotografin us de (Ost-)Schwiiz &lt;3","sameAs":["https:\/\/chiarabruelisauerfotografie.ch","https:\/\/www.facebook.com\/chiara.brulisauer.9","https:\/\/www.instagram.com\/chiarabruelisauerfotografie\/"]}]}},"_links":{"self":[{"href":"https:\/\/chiarabruelisauerfotografie.ch\/index.php\/wp-json\/wp\/v2\/pages\/13","targetHints":{"allow":["GET"]}}],"collection":[{"href":"https:\/\/chiarabruelisauerfotografie.ch\/index.php\/wp-json\/wp\/v2\/pages"}],"about":[{"href":"https:\/\/chiarabruelisauerfotografie.ch\/index.php\/wp-json\/wp\/v2\/types\/page"}],"author":[{"embeddable":true,"href":"https:\/\/chiarabruelisauerfotografie.ch\/index.php\/wp-json\/wp\/v2\/users\/1"}],"replies":[{"embeddable":true,"href":"https:\/\/chiarabruelisauerfotografie.ch\/index.php\/wp-json\/wp\/v2\/comments?post=13"}],"version-history":[{"count":6,"href":"https:\/\/chiarabruelisauerfotografie.ch\/index.php\/wp-json\/wp\/v2\/pages\/13\/revisions"}],"predecessor-version":[{"id":625,"href":"https:\/\/chiarabruelisauerfotografie.ch\/index.php\/wp-json\/wp\/v2\/pages\/13\/revisions\/625"}],"wp:attachment":[{"href":"https:\/\/chiarabruelisauerfotografie.ch\/index.php\/wp-json\/wp\/v2\/media?parent=13"}],"curies":[{"name":"wp","href":"https:\/\/api.w.org\/{rel}","templated":true}]}}